{"id":232,"date":"2026-03-12T13:18:59","date_gmt":"2026-03-12T12:18:59","guid":{"rendered":"https:\/\/biosignalshub.informatik.uni-bremen.de\/?page_id=232"},"modified":"2026-03-12T21:22:01","modified_gmt":"2026-03-12T20:22:01","slug":"elementor-232","status":"publish","type":"page","link":"https:\/\/biosignalshub.informatik.uni-bremen.de\/en\/","title":{"rendered":"Landing-Page_"},"content":{"rendered":"<div data-elementor-type=\"wp-page\" data-elementor-id=\"232\" class=\"elementor elementor-232\">\n\t\t\t\t<div class=\"elementor-element elementor-element-669fd25 e-con-full e-flex e-con e-parent\" data-id=\"669fd25\" data-element_type=\"container\" data-settings=\"{&quot;background_background&quot;:&quot;classic&quot;}\">\n\t\t\t\t<div class=\"elementor-element elementor-element-4c8874b elementor-widget elementor-widget-image\" data-id=\"4c8874b\" data-element_type=\"widget\" data-widget_type=\"image.default\">\n\t\t\t\t\t\t\t\t\t\t\t\t\t\t\t<img fetchpriority=\"high\" decoding=\"async\" width=\"2560\" height=\"748\" src=\"http:\/\/biosignalshub.informatik.uni-bremen.de\/wp-content\/uploads\/2026\/03\/bluebg-scaled.png\" class=\"attachment-full size-full wp-image-237\" alt=\"\" srcset=\"http:\/\/biosignalshub.informatik.uni-bremen.de\/wp-content\/uploads\/2026\/03\/bluebg-scaled.png 2560w, http:\/\/biosignalshub.informatik.uni-bremen.de\/wp-content\/uploads\/2026\/03\/bluebg-300x88.png 300w, http:\/\/biosignalshub.informatik.uni-bremen.de\/wp-content\/uploads\/2026\/03\/bluebg-1024x299.png 1024w, http:\/\/biosignalshub.informatik.uni-bremen.de\/wp-content\/uploads\/2026\/03\/bluebg-768x224.png 768w, http:\/\/biosignalshub.informatik.uni-bremen.de\/wp-content\/uploads\/2026\/03\/bluebg-1536x449.png 1536w, http:\/\/biosignalshub.informatik.uni-bremen.de\/wp-content\/uploads\/2026\/03\/bluebg-2048x598.png 2048w, http:\/\/biosignalshub.informatik.uni-bremen.de\/wp-content\/uploads\/2026\/03\/bluebg-18x5.png 18w\" sizes=\"(max-width: 2560px) 100vw, 2560px\" \/>\t\t\t\t\t\t\t\t\t\t\t\t\t\t\t<\/div>\n\t\t\t\t<div class=\"elementor-element elementor-element-8815e98 elementor-widget elementor-widget-heading\" data-id=\"8815e98\" data-element_type=\"widget\" data-widget_type=\"heading.default\">\n\t\t\t\t\t<h2 class=\"elementor-heading-title elementor-size-default\">Biosignals Hub<\/h2>\t\t\t\t<\/div>\n\t\t\t\t<div class=\"elementor-element elementor-element-b28a00d elementor-widget-tablet__width-initial elementor-hidden-mobile elementor-widget elementor-widget-text-editor\" data-id=\"b28a00d\" data-element_type=\"widget\" data-widget_type=\"text-editor.default\">\n\t\t\t\t\t\t\t\t\t<p>Our goal is to enable naturalistic biosignal recordings of everyday activities in real-world environments.\nWithin the framework of the project, high-frequency, continuous, and multisensory data are collected to create the foundation for the development of human-centered AI tools.\u00a0<\/p>\t\t\t\t\t\t\t\t<\/div>\n\t\t\t\t<\/div>\n\t\t<div class=\"elementor-element elementor-element-eda740d e-flex e-con-boxed e-con e-parent\" data-id=\"eda740d\" data-element_type=\"container\">\n\t\t\t\t\t<div class=\"e-con-inner\">\n\t\t\t\t<div class=\"elementor-element elementor-element-0a877f1 elementor-hidden-desktop elementor-hidden-laptop elementor-hidden-tablet elementor-hidden-widescreen elementor-widget elementor-widget-text-editor\" data-id=\"0a877f1\" data-element_type=\"widget\" data-widget_type=\"text-editor.default\">\n\t\t\t\t\t\t\t\t\t<p>Our goal is to enable naturalistic biosignal recordings of everyday activities in real-world environments.\nWithin the framework of the project, high-frequency, continuous, and multisensory data are collected to create the foundation for the development of human-centered AI tools.\u00a0<\/p>\t\t\t\t\t\t\t\t<\/div>\n\t\t\t\t<div class=\"elementor-element elementor-element-48d7c65 elementor-widget elementor-widget-heading\" data-id=\"48d7c65\" data-element_type=\"widget\" data-widget_type=\"heading.default\">\n\t\t\t\t\t<h5 class=\"elementor-heading-title elementor-size-default\">Biosignal sensors for human-centered AI<\/h5>\t\t\t\t<\/div>\n\t\t<div class=\"elementor-element elementor-element-8f22ff0 e-con-full e-flex e-con e-child\" data-id=\"8f22ff0\" data-element_type=\"container\">\n\t\t<div class=\"elementor-element elementor-element-3db40d5 e-con-full e-flex e-con e-child\" data-id=\"3db40d5\" data-element_type=\"container\">\n\t\t\t\t<div class=\"elementor-element elementor-element-91fc330 elementor-widget elementor-widget-text-editor\" data-id=\"91fc330\" data-element_type=\"widget\" data-widget_type=\"text-editor.default\">\n\t\t\t\t\t\t\t\t\t<p>The project \u201cBiosignal Sensors for Human-Centered AI @ University of Bremen: Biosignals-HUB\u201d is funded with \u20ac4.8 million by the European Regional Development Fund (ERDF), co-financed by the European Union and the Free Hanseatic City of Bremen.\nIt focuses on the collection and analysis of realistic, diverse biosignals from everyday life, such as speech, muscular activity, and brain activity.\nThe aim of the project is to comprehensively analyze and utilize the collected data in order to develop user-friendly AI tools that support everyday human activities.\u00a0<\/p>\t\t\t\t\t\t\t\t<\/div>\n\t\t\t\t<\/div>\n\t\t<div class=\"elementor-element elementor-element-2e1d621 e-con-full elementor-hidden-mobile e-flex e-con e-child\" data-id=\"2e1d621\" data-element_type=\"container\">\n\t\t\t\t<div class=\"elementor-element elementor-element-3049bd5 elementor-widget-laptop__width-initial elementor-widget elementor-widget-image\" data-id=\"3049bd5\" data-element_type=\"widget\" data-widget_type=\"image.default\">\n\t\t\t\t\t\t\t\t\t\t\t\t\t\t\t<img decoding=\"async\" src=\"http:\/\/biosignalshub.informatik.uni-bremen.de\/wp-content\/uploads\/elementor\/thumbs\/DE_co_funded_vertical_RGB_POS-ri7ymvtegd761xb1wwbdbakc6l2rd0hi5an3booy8s.png\" title=\"DE_co_funded_vertical_RGB_POS\" alt=\"DE_co_funded_vertical_RGB_POS\" loading=\"lazy\" \/>\t\t\t\t\t\t\t\t\t\t\t\t\t\t\t<\/div>\n\t\t\t\t<\/div>\n\t\t\t\t<\/div>\n\t\t\t\t<div class=\"elementor-element elementor-element-87e8067 elementor-widget elementor-widget-text-editor\" data-id=\"87e8067\" data-element_type=\"widget\" data-widget_type=\"text-editor.default\">\n\t\t\t\t\t\t\t\t\t<p>To achieve these objectives, the Cognitive Systems Lab will use the approved funding to provide two core components that form the essential foundation for human-centered AI systems.\nFirst, we will develop innovative mobile biosignal recording devices (B) featuring unobtrusive sensor technology and intuitive operation to capture participants\u2019 physical, affective, and social behavior, including mental activity. To protect the sensitive data collected, biosignal data acquisition will be conducted ethically and in full compliance with all relevant data protection laws.\nSecond, we will establish a high-performance central storage and computing infrastructure (I) for storing, providing, and processing the collected data volumes. This storage infrastructure will be located locally on the campus of the University of Bremen and will offer computing resources for training and validating biosignal models using machine learning methods.\nIn a third and final step, which goes beyond the scope of the applied ERDF funding, we will develop a digital portal (P) that will serve as a central access point for users, researchers, and interested companies.<\/p><p>\u00a0 \u00a0 \u00a0The Biosignals-HUB is intended to be accessible to all research and development institutions in Bremen that commit to complying with ethical and legal requirements.\nIn this way, it actively contributes to strengthening Bremen\u2019s leading position in human-centered, biosignal-adaptive AI research.<\/p><p>\u00a0Further information on the ERDF can be found here:\u00a0<a href=\"https:\/\/www.efre-bremen.de\/\">https:\/\/www.efre-bremen.de\/<\/a> \u00a0<\/p>\t\t\t\t\t\t\t\t<\/div>\n\t\t\t\t\t<\/div>\n\t\t\t\t<\/div>\n\t\t<div class=\"elementor-element elementor-element-38a005c e-flex e-con-boxed e-con e-parent\" data-id=\"38a005c\" data-element_type=\"container\">\n\t\t\t\t\t<div class=\"e-con-inner\">\n\t\t\t\t<div class=\"elementor-element elementor-element-6af862d elementor-hidden-desktop elementor-hidden-laptop elementor-hidden-tablet elementor-widget elementor-widget-image\" data-id=\"6af862d\" data-element_type=\"widget\" data-widget_type=\"image.default\">\n\t\t\t\t\t\t\t\t\t\t\t\t\t\t\t<img decoding=\"async\" width=\"150\" height=\"150\" src=\"http:\/\/biosignalshub.informatik.uni-bremen.de\/wp-content\/uploads\/2026\/01\/DE_co_funded_vertical_RGB_POS-150x150.png\" class=\"attachment-thumbnail size-thumbnail wp-image-30\" alt=\"\" srcset=\"http:\/\/biosignalshub.informatik.uni-bremen.de\/wp-content\/uploads\/2026\/01\/elementor\/thumbs\/DE_co_funded_vertical_RGB_POS-ri7ymvtegd761xb1wwbdbakc6l2rd0hi5an3booy8s.png 150w, http:\/\/biosignalshub.informatik.uni-bremen.de\/wp-content\/uploads\/2026\/01\/elementor\/thumbs\/DE_co_funded_vertical_RGB_POS-ri7ymvtf2alduxdx4cqydbzip96kow3d36xoedxk9c.png 200w\" sizes=\"(max-width: 150px) 100vw, 150px\" \/>\t\t\t\t\t\t\t\t\t\t\t\t\t\t\t<\/div>\n\t\t\t\t\t<\/div>\n\t\t\t\t<\/div>\n\t\t<div class=\"elementor-element elementor-element-b202cf5 e-con-full e-flex e-con e-parent\" data-id=\"b202cf5\" data-element_type=\"container\">\n\t\t<div class=\"elementor-element elementor-element-82923e7 e-con-full elementor-hidden-mobile e-flex e-con e-child\" data-id=\"82923e7\" data-element_type=\"container\">\n\t\t\t\t<div class=\"elementor-element elementor-element-5ef2c7d elementor-widget elementor-widget-image\" data-id=\"5ef2c7d\" data-element_type=\"widget\" data-widget_type=\"image.default\">\n\t\t\t\t\t\t\t\t\t\t\t\t\t\t\t<img decoding=\"async\" width=\"300\" height=\"275\" src=\"http:\/\/biosignalshub.informatik.uni-bremen.de\/wp-content\/uploads\/2026\/01\/Screenshot-2026-01-19-at-12.20.59-PM-300x275.png\" class=\"attachment-medium size-medium wp-image-10\" alt=\"\" srcset=\"http:\/\/biosignalshub.informatik.uni-bremen.de\/wp-content\/uploads\/2026\/01\/Screenshot-2026-01-19-at-12.20.59-PM-300x275.png 300w, http:\/\/biosignalshub.informatik.uni-bremen.de\/wp-content\/uploads\/2026\/01\/Screenshot-2026-01-19-at-12.20.59-PM-768x703.png 768w, http:\/\/biosignalshub.informatik.uni-bremen.de\/wp-content\/uploads\/2026\/01\/Screenshot-2026-01-19-at-12.20.59-PM.png 898w\" sizes=\"(max-width: 300px) 100vw, 300px\" \/>\t\t\t\t\t\t\t\t\t\t\t\t\t\t\t<\/div>\n\t\t\t\t<\/div>\n\t\t<div class=\"elementor-element elementor-element-2369db1 e-con-full e-flex e-con e-child\" data-id=\"2369db1\" data-element_type=\"container\" data-settings=\"{&quot;background_background&quot;:&quot;classic&quot;}\">\n\t\t\t\t<div class=\"elementor-element elementor-element-2c2dce0 elementor-widget elementor-widget-heading\" data-id=\"2c2dce0\" data-element_type=\"widget\" data-widget_type=\"heading.default\">\n\t\t\t\t\t<h2 class=\"elementor-heading-title elementor-size-default\">Contact persons<\/h2>\t\t\t\t<\/div>\n\t\t\t\t<div class=\"elementor-element elementor-element-7060861 elementor-widget elementor-widget-text-editor\" data-id=\"7060861\" data-element_type=\"widget\" data-widget_type=\"text-editor.default\">\n\t\t\t\t\t\t\t\t\t<ul><li>Prof. Dr. Ing. Tanja Schultz (Project Lead)\u2028<\/li><li>Dr. Katalina Kopka \u2028<\/li><li>Matthew White<\/li><\/ul>\t\t\t\t\t\t\t\t<\/div>\n\t\t\t\t<\/div>\n\t\t\t\t<\/div>\n\t\t\t\t<\/div>","protected":false},"excerpt":{"rendered":"<p>Biosignals Hub Unser Ziel ist es, naturalistische Biosignalaufzeichnungen von allt\u00e4glichen Aktivit\u00e4ten in der freien Natur zu erm\u00f6glichen. Im Rahmen des Projekts werden hochfrequente, kontinuierliche und multisensorische Daten erfasst, um die Voraussetzungen f\u00fcr die Entwicklung von auf den Menschen ausgerichteten KI-Werkzeugen zu schaffen.\u00a0 Unser Ziel ist es, naturalistische Biosignalaufzeichnungen von allt\u00e4glichen Aktivit\u00e4ten in der freien Natur [&hellip;]<\/p>","protected":false},"author":2,"featured_media":0,"parent":0,"menu_order":0,"comment_status":"closed","ping_status":"closed","template":"","meta":{"footnotes":""},"class_list":["post-232","page","type-page","status-publish","hentry"],"_links":{"self":[{"href":"https:\/\/biosignalshub.informatik.uni-bremen.de\/en\/wp-json\/wp\/v2\/pages\/232","targetHints":{"allow":["GET"]}}],"collection":[{"href":"https:\/\/biosignalshub.informatik.uni-bremen.de\/en\/wp-json\/wp\/v2\/pages"}],"about":[{"href":"https:\/\/biosignalshub.informatik.uni-bremen.de\/en\/wp-json\/wp\/v2\/types\/page"}],"author":[{"embeddable":true,"href":"https:\/\/biosignalshub.informatik.uni-bremen.de\/en\/wp-json\/wp\/v2\/users\/2"}],"replies":[{"embeddable":true,"href":"https:\/\/biosignalshub.informatik.uni-bremen.de\/en\/wp-json\/wp\/v2\/comments?post=232"}],"version-history":[{"count":140,"href":"https:\/\/biosignalshub.informatik.uni-bremen.de\/en\/wp-json\/wp\/v2\/pages\/232\/revisions"}],"predecessor-version":[{"id":383,"href":"https:\/\/biosignalshub.informatik.uni-bremen.de\/en\/wp-json\/wp\/v2\/pages\/232\/revisions\/383"}],"wp:attachment":[{"href":"https:\/\/biosignalshub.informatik.uni-bremen.de\/en\/wp-json\/wp\/v2\/media?parent=232"}],"curies":[{"name":"wp","href":"https:\/\/api.w.org\/{rel}","templated":true}]}}